{"id":1054,"date":"2023-11-09T17:47:32","date_gmt":"2023-11-09T16:47:32","guid":{"rendered":"https:\/\/apsfcongo.com\/?page_id=1054"},"modified":"2024-02-19T13:30:49","modified_gmt":"2024-02-19T12:30:49","slug":"activites-social","status":"publish","type":"page","link":"https:\/\/apsfcongo.com\/index.php\/activites-social\/","title":{"rendered":"Activit\u00e9s social"},"content":{"rendered":"\t\t<div data-elementor-type=\"wp-page\" data-elementor-id=\"1054\" class=\"elementor elementor-1054\">\n\t\t\t\t\t\t\t\t\t<section class=\"elementor-section elementor-top-section elementor-element elementor-element-bcb4284 elementor-section-boxed elementor-section-height-default elementor-section-height-default\" data-id=\"bcb4284\" data-element_type=\"section\" data-settings=\"{&quot;background_background&quot;:&quot;classic&quot;}\">\n\t\t\t\t\t\t<div class=\"elementor-container elementor-column-gap-default\">\n\t\t\t\t\t<div class=\"elementor-column elementor-col-100 elementor-top-column elementor-element elementor-element-f7c6190\" data-id=\"f7c6190\" data-element_type=\"column\">\n\t\t\t<div class=\"elementor-widget-wrap elementor-element-populated\">\n\t\t\t\t\t\t\t\t<div class=\"elementor-element elementor-element-7dcf740 elementor-widget elementor-widget-heading\" data-id=\"7dcf740\" data-element_type=\"widget\" data-widget_type=\"heading.default\">\n\t\t\t\t<div class=\"elementor-widget-container\">\n\t\t\t<style>\/*! elementor - v3.12.2 - 23-04-2023 *\/\n.elementor-heading-title{padding:0;margin:0;line-height:1}.elementor-widget-heading .elementor-heading-title[class*=elementor-size-]>a{color:inherit;font-size:inherit;line-height:inherit}.elementor-widget-heading .elementor-heading-title.elementor-size-small{font-size:15px}.elementor-widget-heading .elementor-heading-title.elementor-size-medium{font-size:19px}.elementor-widget-heading .elementor-heading-title.elementor-size-large{font-size:29px}.elementor-widget-heading .elementor-heading-title.elementor-size-xl{font-size:39px}.elementor-widget-heading .elementor-heading-title.elementor-size-xxl{font-size:59px}<\/style><h2 class=\"elementor-heading-title elementor-size-default\">D\u00e9couvrez nos activit\u00e9s sociales<\/h2>\t\t<\/div>\n\t\t\t\t<\/div>\n\t\t\t\t\t<\/div>\n\t\t<\/div>\n\t\t\t\t\t\t\t<\/div>\n\t\t<\/section>\n\t\t\t\t<section class=\"elementor-section elementor-top-section elementor-element elementor-element-9b973c7 elementor-section-content-middle elementor-section-boxed elementor-section-height-default elementor-section-height-default\" data-id=\"9b973c7\" data-element_type=\"section\" data-settings=\"{&quot;background_background&quot;:&quot;classic&quot;}\">\n\t\t\t\t\t\t<div class=\"elementor-container elementor-column-gap-no\">\n\t\t\t\t\t<div class=\"elementor-column elementor-col-50 elementor-top-column elementor-element elementor-element-f08f896\" data-id=\"f08f896\" data-element_type=\"column\">\n\t\t\t<div class=\"elementor-widget-wrap elementor-element-populated\">\n\t\t\t\t\t\t\t\t<div class=\"elementor-element elementor-element-da4ad56 elementor-widget elementor-widget-image\" data-id=\"da4ad56\" data-element_type=\"widget\" data-widget_type=\"image.default\">\n\t\t\t\t<div class=\"elementor-widget-container\">\n\t\t\t<style>\/*! elementor - v3.12.2 - 23-04-2023 *\/\n.elementor-widget-image{text-align:center}.elementor-widget-image a{display:inline-block}.elementor-widget-image a img[src$=\".svg\"]{width:48px}.elementor-widget-image img{vertical-align:middle;display:inline-block}<\/style>\t\t\t\t\t\t\t\t\t\t\t\t<img decoding=\"async\" width=\"1080\" height=\"810\" src=\"https:\/\/apsfcongo.com\/wp-content\/uploads\/2024\/02\/WhatsApp-Image-2024-02-19-at-11.58.19.jpeg\" class=\"attachment-full size-full wp-image-1247\" alt=\"\" loading=\"lazy\" srcset=\"https:\/\/apsfcongo.com\/wp-content\/uploads\/2024\/02\/WhatsApp-Image-2024-02-19-at-11.58.19.jpeg 1080w, https:\/\/apsfcongo.com\/wp-content\/uploads\/2024\/02\/WhatsApp-Image-2024-02-19-at-11.58.19-300x225.jpeg 300w, https:\/\/apsfcongo.com\/wp-content\/uploads\/2024\/02\/WhatsApp-Image-2024-02-19-at-11.58.19-1024x768.jpeg 1024w, https:\/\/apsfcongo.com\/wp-content\/uploads\/2024\/02\/WhatsApp-Image-2024-02-19-at-11.58.19-768x576.jpeg 768w\" sizes=\"(max-width: 1080px) 100vw, 1080px\" \/>\t\t\t\t\t\t\t\t\t\t\t\t\t\t\t<\/div>\n\t\t\t\t<\/div>\n\t\t\t\t\t<\/div>\n\t\t<\/div>\n\t\t\t\t<div class=\"elementor-column elementor-col-50 elementor-top-column elementor-element elementor-element-0d122a4\" data-id=\"0d122a4\" data-element_type=\"column\">\n\t\t\t<div class=\"elementor-widget-wrap elementor-element-populated\">\n\t\t\t\t\t\t\t\t<div class=\"elementor-element elementor-element-1891c79 elementor-widget elementor-widget-heading\" data-id=\"1891c79\" data-element_type=\"widget\" data-widget_type=\"heading.default\">\n\t\t\t\t<div class=\"elementor-widget-container\">\n\t\t\t<h1 class=\"elementor-heading-title elementor-size-default\">Remise des jouets aux enfants d'Ign\u00e9 \u00e0 l'occasion des f\u00eates de fin d'ann\u00e9e 2023<\/h1>\t\t<\/div>\n\t\t\t\t<\/div>\n\t\t\t\t<div class=\"elementor-element elementor-element-1ab16a1 elementor-widget elementor-widget-text-editor\" data-id=\"1ab16a1\" data-element_type=\"widget\" data-widget_type=\"text-editor.default\">\n\t\t\t\t<div class=\"elementor-widget-container\">\n\t\t\t<style>\/*! elementor - v3.12.2 - 23-04-2023 *\/\n.elementor-widget-text-editor.elementor-drop-cap-view-stacked .elementor-drop-cap{background-color:#69727d;color:#fff}.elementor-widget-text-editor.elementor-drop-cap-view-framed .elementor-drop-cap{color:#69727d;border:3px solid;background-color:transparent}.elementor-widget-text-editor:not(.elementor-drop-cap-view-default) .elementor-drop-cap{margin-top:8px}.elementor-widget-text-editor:not(.elementor-drop-cap-view-default) .elementor-drop-cap-letter{width:1em;height:1em}.elementor-widget-text-editor .elementor-drop-cap{float:left;text-align:center;line-height:1;font-size:50px}.elementor-widget-text-editor .elementor-drop-cap-letter{display:inline-block}<\/style>\t\t\t\t<p>L&#8217;Association pour la Promotion de la Sant\u00e9 et de la Famille (APSF) a organis\u00e9 une distribution de jouets aux enfants et petits-enfants des membres de la coop\u00e9rative COOFI, \u00e0 l&#8217;occasion des festivit\u00e9s de fin d&#8217;ann\u00e9e 2023. Cet \u00e9v\u00e9nement s&#8217;est tenu dans le jardin de la paroisse Notre-Dame du Perp\u00e9tuel Secours d&#8217;Ign\u00e9, le samedi 30 d\u00e9cembre 2023. Cette initiative avait pour but de r\u00e9pandre la joie de No\u00ebl au sein de la communaut\u00e9 locale, en offrant des moments de bonheur et de partage aux enfants de la r\u00e9gion.<\/p>\t\t\t\t\t\t<\/div>\n\t\t\t\t<\/div>\n\t\t\t\t<div class=\"elementor-element elementor-element-03f9fa0 elementor-align-left elementor-widget elementor-widget-button\" data-id=\"03f9fa0\" data-element_type=\"widget\" data-widget_type=\"button.default\">\n\t\t\t\t<div class=\"elementor-widget-container\">\n\t\t\t\t\t<div class=\"elementor-button-wrapper\">\n\t\t\t<a href=\"https:\/\/apsfcongo.com\/index.php\/remise-des-jouets-aux-enfants-digne-a-loccasion-des-fetes-de-fin-dannee-2023\/\" class=\"elementor-button-link elementor-button elementor-size-sm\" role=\"button\">\n\t\t\t\t\t\t<span class=\"elementor-button-content-wrapper\">\n\t\t\t\t\t\t<span class=\"elementor-button-text\">Lire plus<\/span>\n\t\t<\/span>\n\t\t\t\t\t<\/a>\n\t\t<\/div>\n\t\t\t\t<\/div>\n\t\t\t\t<\/div>\n\t\t\t\t\t<\/div>\n\t\t<\/div>\n\t\t\t\t\t\t\t<\/div>\n\t\t<\/section>\n\t\t\t\t<section class=\"elementor-section elementor-top-section elementor-element elementor-element-b8af06d elementor-section-content-middle elementor-section-boxed elementor-section-height-default elementor-section-height-default\" data-id=\"b8af06d\" data-element_type=\"section\" data-settings=\"{&quot;background_background&quot;:&quot;classic&quot;}\">\n\t\t\t\t\t\t<div class=\"elementor-container elementor-column-gap-no\">\n\t\t\t\t\t<div class=\"elementor-column elementor-col-50 elementor-top-column elementor-element elementor-element-f3e8103\" data-id=\"f3e8103\" data-element_type=\"column\">\n\t\t\t<div class=\"elementor-widget-wrap elementor-element-populated\">\n\t\t\t\t\t\t\t\t<div class=\"elementor-element elementor-element-34e1c4d elementor-widget elementor-widget-image\" data-id=\"34e1c4d\" data-element_type=\"widget\" data-widget_type=\"image.default\">\n\t\t\t\t<div class=\"elementor-widget-container\">\n\t\t\t\t\t\t\t\t\t\t\t\t\t\t\t<img decoding=\"async\" width=\"1000\" height=\"750\" src=\"https:\/\/apsfcongo.com\/wp-content\/uploads\/2024\/02\/WhatsApp-Image-2024-02-19-at-13.22.00-1.jpeg\" class=\"attachment-full size-full wp-image-1317\" alt=\"\" loading=\"lazy\" srcset=\"https:\/\/apsfcongo.com\/wp-content\/uploads\/2024\/02\/WhatsApp-Image-2024-02-19-at-13.22.00-1.jpeg 1000w, https:\/\/apsfcongo.com\/wp-content\/uploads\/2024\/02\/WhatsApp-Image-2024-02-19-at-13.22.00-1-300x225.jpeg 300w, https:\/\/apsfcongo.com\/wp-content\/uploads\/2024\/02\/WhatsApp-Image-2024-02-19-at-13.22.00-1-768x576.jpeg 768w\" sizes=\"(max-width: 1000px) 100vw, 1000px\" \/>\t\t\t\t\t\t\t\t\t\t\t\t\t\t\t<\/div>\n\t\t\t\t<\/div>\n\t\t\t\t\t<\/div>\n\t\t<\/div>\n\t\t\t\t<div class=\"elementor-column elementor-col-50 elementor-top-column elementor-element elementor-element-9fe55de\" data-id=\"9fe55de\" data-element_type=\"column\">\n\t\t\t<div class=\"elementor-widget-wrap elementor-element-populated\">\n\t\t\t\t\t\t\t\t<div class=\"elementor-element elementor-element-20bd111 elementor-widget elementor-widget-heading\" data-id=\"20bd111\" data-element_type=\"widget\" data-widget_type=\"heading.default\">\n\t\t\t\t<div class=\"elementor-widget-container\">\n\t\t\t<h1 class=\"elementor-heading-title elementor-size-default\">Rencontre conviviale \"women building each other up\"<\/h1>\t\t<\/div>\n\t\t\t\t<\/div>\n\t\t\t\t<div class=\"elementor-element elementor-element-a04ec03 elementor-widget elementor-widget-text-editor\" data-id=\"a04ec03\" data-element_type=\"widget\" data-widget_type=\"text-editor.default\">\n\t\t\t\t<div class=\"elementor-widget-container\">\n\t\t\t\t\t\t\t\t\t\t\t\t\t<\/div>\n\t\t\t\t<\/div>\n\t\t\t\t<div class=\"elementor-element elementor-element-5c4599b elementor-align-left elementor-widget elementor-widget-button\" data-id=\"5c4599b\" data-element_type=\"widget\" data-widget_type=\"button.default\">\n\t\t\t\t<div class=\"elementor-widget-container\">\n\t\t\t\t\t<div class=\"elementor-button-wrapper\">\n\t\t\t<a href=\"https:\/\/apsfcongo.com\/index.php\/remise-des-jouets-aux-enfants-digne-a-loccasion-des-fetes-de-fin-dannee-2023\/\" class=\"elementor-button-link elementor-button elementor-size-sm\" role=\"button\">\n\t\t\t\t\t\t<span class=\"elementor-button-content-wrapper\">\n\t\t\t\t\t\t<span class=\"elementor-button-text\">Lire plus<\/span>\n\t\t<\/span>\n\t\t\t\t\t<\/a>\n\t\t<\/div>\n\t\t\t\t<\/div>\n\t\t\t\t<\/div>\n\t\t\t\t\t<\/div>\n\t\t<\/div>\n\t\t\t\t\t\t\t<\/div>\n\t\t<\/section>\n\t\t\t\t\t\t\t<\/div>\n\t\t","protected":false},"excerpt":{"rendered":"<p>D\u00e9couvrez nos activit\u00e9s sociales Remise des jouets aux enfants d&#8217;Ign\u00e9 \u00e0 l&#8217;occasion des f\u00eates de fin d&#8217;ann\u00e9e 2023 L&#8217;Association pour la Promotion de la Sant\u00e9 et de la Famille (APSF) a organis\u00e9 une distribution de jouets aux enfants et petits-enfants des membres de la coop\u00e9rative COOFI, \u00e0 l&#8217;occasion des festivit\u00e9s de fin d&#8217;ann\u00e9e 2023. Cet [&hellip;]<\/p>\n","protected":false},"author":1,"featured_media":0,"parent":0,"menu_order":0,"comment_status":"closed","ping_status":"closed","template":"","meta":[],"yoast_head":"<!-- This site is optimized with the Yoast SEO plugin v20.6 - https:\/\/yoast.com\/wordpress\/plugins\/seo\/ -->\n<title>Activit\u00e9s social - Apsf congo<\/title>\n<meta name=\"robots\" content=\"index, follow, max-snippet:-1, max-image-preview:large, max-video-preview:-1\" \/>\n<link rel=\"canonical\" href=\"https:\/\/apsfcongo.com\/index.php\/activites-social\/\" \/>\n<meta property=\"og:locale\" content=\"en_US\" \/>\n<meta property=\"og:type\" content=\"article\" \/>\n<meta property=\"og:title\" content=\"Activit\u00e9s social - Apsf congo\" \/>\n<meta property=\"og:description\" content=\"D\u00e9couvrez nos activit\u00e9s sociales Remise des jouets aux enfants d&#8217;Ign\u00e9 \u00e0 l&#8217;occasion des f\u00eates de fin d&#8217;ann\u00e9e 2023 L&#8217;Association pour la Promotion de la Sant\u00e9 et de la Famille (APSF) a organis\u00e9 une distribution de jouets aux enfants et petits-enfants des membres de la coop\u00e9rative COOFI, \u00e0 l&#8217;occasion des festivit\u00e9s de fin d&#8217;ann\u00e9e 2023. Cet [&hellip;]\" \/>\n<meta property=\"og:url\" content=\"https:\/\/apsfcongo.com\/index.php\/activites-social\/\" \/>\n<meta property=\"og:site_name\" content=\"Apsf congo\" \/>\n<meta property=\"article:modified_time\" content=\"2024-02-19T12:30:49+00:00\" \/>\n<meta property=\"og:image\" content=\"https:\/\/apsfcongo.com\/wp-content\/uploads\/2024\/02\/WhatsApp-Image-2024-02-19-at-11.58.19.jpeg\" \/>\n<meta name=\"twitter:card\" content=\"summary_large_image\" \/>\n<meta name=\"twitter:label1\" content=\"Est. reading time\" \/>\n\t<meta name=\"twitter:data1\" content=\"1 minute\" \/>\n<script type=\"application\/ld+json\" class=\"yoast-schema-graph\">{\"@context\":\"https:\/\/schema.org\",\"@graph\":[{\"@type\":\"WebPage\",\"@id\":\"https:\/\/apsfcongo.com\/index.php\/activites-social\/\",\"url\":\"https:\/\/apsfcongo.com\/index.php\/activites-social\/\",\"name\":\"Activit\u00e9s social - Apsf congo\",\"isPartOf\":{\"@id\":\"https:\/\/apsfcongo.com\/#website\"},\"datePublished\":\"2023-11-09T16:47:32+00:00\",\"dateModified\":\"2024-02-19T12:30:49+00:00\",\"breadcrumb\":{\"@id\":\"https:\/\/apsfcongo.com\/index.php\/activites-social\/#breadcrumb\"},\"inLanguage\":\"en-US\",\"potentialAction\":[{\"@type\":\"ReadAction\",\"target\":[\"https:\/\/apsfcongo.com\/index.php\/activites-social\/\"]}]},{\"@type\":\"BreadcrumbList\",\"@id\":\"https:\/\/apsfcongo.com\/index.php\/activites-social\/#breadcrumb\",\"itemListElement\":[{\"@type\":\"ListItem\",\"position\":1,\"name\":\"Accueil\",\"item\":\"https:\/\/apsfcongo.com\/\"},{\"@type\":\"ListItem\",\"position\":2,\"name\":\"Activit\u00e9s social\"}]},{\"@type\":\"WebSite\",\"@id\":\"https:\/\/apsfcongo.com\/#website\",\"url\":\"https:\/\/apsfcongo.com\/\",\"name\":\"Apsf congo\",\"description\":\"\",\"publisher\":{\"@id\":\"https:\/\/apsfcongo.com\/#organization\"},\"potentialAction\":[{\"@type\":\"SearchAction\",\"target\":{\"@type\":\"EntryPoint\",\"urlTemplate\":\"https:\/\/apsfcongo.com\/?s={search_term_string}\"},\"query-input\":\"required name=search_term_string\"}],\"inLanguage\":\"en-US\"},{\"@type\":\"Organization\",\"@id\":\"https:\/\/apsfcongo.com\/#organization\",\"name\":\"Apsf congo\",\"url\":\"https:\/\/apsfcongo.com\/\",\"logo\":{\"@type\":\"ImageObject\",\"inLanguage\":\"en-US\",\"@id\":\"https:\/\/apsfcongo.com\/#\/schema\/logo\/image\/\",\"url\":\"https:\/\/apsfcongo.com\/wp-content\/uploads\/2023\/05\/cropped-APSF_Logo_Full.png\",\"contentUrl\":\"https:\/\/apsfcongo.com\/wp-content\/uploads\/2023\/05\/cropped-APSF_Logo_Full.png\",\"width\":1000,\"height\":1000,\"caption\":\"Apsf congo\"},\"image\":{\"@id\":\"https:\/\/apsfcongo.com\/#\/schema\/logo\/image\/\"}}]}<\/script>\n<!-- \/ Yoast SEO plugin. -->","yoast_head_json":{"title":"Activit\u00e9s social - Apsf congo","robots":{"index":"index","follow":"follow","max-snippet":"max-snippet:-1","max-image-preview":"max-image-preview:large","max-video-preview":"max-video-preview:-1"},"canonical":"https:\/\/apsfcongo.com\/index.php\/activites-social\/","og_locale":"en_US","og_type":"article","og_title":"Activit\u00e9s social - Apsf congo","og_description":"D\u00e9couvrez nos activit\u00e9s sociales Remise des jouets aux enfants d&#8217;Ign\u00e9 \u00e0 l&#8217;occasion des f\u00eates de fin d&#8217;ann\u00e9e 2023 L&#8217;Association pour la Promotion de la Sant\u00e9 et de la Famille (APSF) a organis\u00e9 une distribution de jouets aux enfants et petits-enfants des membres de la coop\u00e9rative COOFI, \u00e0 l&#8217;occasion des festivit\u00e9s de fin d&#8217;ann\u00e9e 2023. Cet [&hellip;]","og_url":"https:\/\/apsfcongo.com\/index.php\/activites-social\/","og_site_name":"Apsf congo","article_modified_time":"2024-02-19T12:30:49+00:00","og_image":[{"url":"https:\/\/apsfcongo.com\/wp-content\/uploads\/2024\/02\/WhatsApp-Image-2024-02-19-at-11.58.19.jpeg"}],"twitter_card":"summary_large_image","twitter_misc":{"Est. reading time":"1 minute"},"schema":{"@context":"https:\/\/schema.org","@graph":[{"@type":"WebPage","@id":"https:\/\/apsfcongo.com\/index.php\/activites-social\/","url":"https:\/\/apsfcongo.com\/index.php\/activites-social\/","name":"Activit\u00e9s social - Apsf congo","isPartOf":{"@id":"https:\/\/apsfcongo.com\/#website"},"datePublished":"2023-11-09T16:47:32+00:00","dateModified":"2024-02-19T12:30:49+00:00","breadcrumb":{"@id":"https:\/\/apsfcongo.com\/index.php\/activites-social\/#breadcrumb"},"inLanguage":"en-US","potentialAction":[{"@type":"ReadAction","target":["https:\/\/apsfcongo.com\/index.php\/activites-social\/"]}]},{"@type":"BreadcrumbList","@id":"https:\/\/apsfcongo.com\/index.php\/activites-social\/#breadcrumb","itemListElement":[{"@type":"ListItem","position":1,"name":"Accueil","item":"https:\/\/apsfcongo.com\/"},{"@type":"ListItem","position":2,"name":"Activit\u00e9s social"}]},{"@type":"WebSite","@id":"https:\/\/apsfcongo.com\/#website","url":"https:\/\/apsfcongo.com\/","name":"Apsf congo","description":"","publisher":{"@id":"https:\/\/apsfcongo.com\/#organization"},"potentialAction":[{"@type":"SearchAction","target":{"@type":"EntryPoint","urlTemplate":"https:\/\/apsfcongo.com\/?s={search_term_string}"},"query-input":"required name=search_term_string"}],"inLanguage":"en-US"},{"@type":"Organization","@id":"https:\/\/apsfcongo.com\/#organization","name":"Apsf congo","url":"https:\/\/apsfcongo.com\/","logo":{"@type":"ImageObject","inLanguage":"en-US","@id":"https:\/\/apsfcongo.com\/#\/schema\/logo\/image\/","url":"https:\/\/apsfcongo.com\/wp-content\/uploads\/2023\/05\/cropped-APSF_Logo_Full.png","contentUrl":"https:\/\/apsfcongo.com\/wp-content\/uploads\/2023\/05\/cropped-APSF_Logo_Full.png","width":1000,"height":1000,"caption":"Apsf congo"},"image":{"@id":"https:\/\/apsfcongo.com\/#\/schema\/logo\/image\/"}}]}},"_links":{"self":[{"href":"https:\/\/apsfcongo.com\/index.php\/wp-json\/wp\/v2\/pages\/1054"}],"collection":[{"href":"https:\/\/apsfcongo.com\/index.php\/wp-json\/wp\/v2\/pages"}],"about":[{"href":"https:\/\/apsfcongo.com\/index.php\/wp-json\/wp\/v2\/types\/page"}],"author":[{"embeddable":true,"href":"https:\/\/apsfcongo.com\/index.php\/wp-json\/wp\/v2\/users\/1"}],"replies":[{"embeddable":true,"href":"https:\/\/apsfcongo.com\/index.php\/wp-json\/wp\/v2\/comments?post=1054"}],"version-history":[{"count":25,"href":"https:\/\/apsfcongo.com\/index.php\/wp-json\/wp\/v2\/pages\/1054\/revisions"}],"predecessor-version":[{"id":1323,"href":"https:\/\/apsfcongo.com\/index.php\/wp-json\/wp\/v2\/pages\/1054\/revisions\/1323"}],"wp:attachment":[{"href":"https:\/\/apsfcongo.com\/index.php\/wp-json\/wp\/v2\/media?parent=1054"}],"curies":[{"name":"wp","href":"https:\/\/api.w.org\/{rel}","templated":true}]}}