{"id":1056,"date":"2023-11-09T17:47:54","date_gmt":"2023-11-09T16:47:54","guid":{"rendered":"https:\/\/apsfcongo.com\/?page_id=1056"},"modified":"2025-04-05T10:21:04","modified_gmt":"2025-04-05T08:21:04","slug":"activite-femmes","status":"publish","type":"page","link":"https:\/\/apsfcongo.com\/index.php\/activite-femmes\/","title":{"rendered":"Activit\u00e9 femmes"},"content":{"rendered":"\t\t<div data-elementor-type=\"wp-page\" data-elementor-id=\"1056\" class=\"elementor elementor-1056\">\n\t\t\t\t\t\t\t\t\t<section class=\"elementor-section elementor-top-section elementor-element elementor-element-f082d68 elementor-section-boxed elementor-section-height-default elementor-section-height-default\" data-id=\"f082d68\" data-element_type=\"section\" data-settings=\"{&quot;background_background&quot;:&quot;classic&quot;}\">\n\t\t\t\t\t\t<div class=\"elementor-container elementor-column-gap-default\">\n\t\t\t\t\t<div class=\"elementor-column elementor-col-100 elementor-top-column elementor-element elementor-element-ff54017\" data-id=\"ff54017\" data-element_type=\"column\">\n\t\t\t<div class=\"elementor-widget-wrap elementor-element-populated\">\n\t\t\t\t\t\t\t\t<div class=\"elementor-element elementor-element-06967e5 elementor-widget elementor-widget-heading\" data-id=\"06967e5\" data-element_type=\"widget\" data-widget_type=\"heading.default\">\n\t\t\t\t<div class=\"elementor-widget-container\">\n\t\t\t<style>\/*! elementor - v3.12.2 - 23-04-2023 *\/\n.elementor-heading-title{padding:0;margin:0;line-height:1}.elementor-widget-heading .elementor-heading-title[class*=elementor-size-]>a{color:inherit;font-size:inherit;line-height:inherit}.elementor-widget-heading .elementor-heading-title.elementor-size-small{font-size:15px}.elementor-widget-heading .elementor-heading-title.elementor-size-medium{font-size:19px}.elementor-widget-heading .elementor-heading-title.elementor-size-large{font-size:29px}.elementor-widget-heading .elementor-heading-title.elementor-size-xl{font-size:39px}.elementor-widget-heading .elementor-heading-title.elementor-size-xxl{font-size:59px}<\/style><h2 class=\"elementor-heading-title elementor-size-default\">D\u00e9couvrez nos activit\u00e9s d'autonomisation des femmes<\/h2>\t\t<\/div>\n\t\t\t\t<\/div>\n\t\t\t\t\t<\/div>\n\t\t<\/div>\n\t\t\t\t\t\t\t<\/div>\n\t\t<\/section>\n\t\t\t\t<section class=\"elementor-section elementor-top-section elementor-element elementor-element-cb43974 elementor-section-content-middle elementor-section-boxed elementor-section-height-default elementor-section-height-default\" data-id=\"cb43974\" data-element_type=\"section\" data-settings=\"{&quot;background_background&quot;:&quot;classic&quot;}\">\n\t\t\t\t\t\t<div class=\"elementor-container elementor-column-gap-no\">\n\t\t\t\t\t<div class=\"elementor-column elementor-col-50 elementor-top-column elementor-element elementor-element-0f9f7f5\" data-id=\"0f9f7f5\" data-element_type=\"column\" data-settings=\"{&quot;background_background&quot;:&quot;classic&quot;}\">\n\t\t\t<div class=\"elementor-widget-wrap elementor-element-populated\">\n\t\t\t\t\t\t\t\t<div class=\"elementor-element elementor-element-e36a120 elementor-widget elementor-widget-image\" data-id=\"e36a120\" data-element_type=\"widget\" data-widget_type=\"image.default\">\n\t\t\t\t<div class=\"elementor-widget-container\">\n\t\t\t<style>\/*! elementor - v3.12.2 - 23-04-2023 *\/\n.elementor-widget-image{text-align:center}.elementor-widget-image a{display:inline-block}.elementor-widget-image a img[src$=\".svg\"]{width:48px}.elementor-widget-image img{vertical-align:middle;display:inline-block}<\/style>\t\t\t\t\t\t\t\t\t\t\t\t<img decoding=\"async\" width=\"1080\" height=\"810\" src=\"https:\/\/apsfcongo.com\/wp-content\/uploads\/2025\/04\/WhatsApp-Image-2024-02-21-at-17.31.31.jpeg\" class=\"attachment-full size-full wp-image-1404\" alt=\"\" loading=\"lazy\" srcset=\"https:\/\/apsfcongo.com\/wp-content\/uploads\/2025\/04\/WhatsApp-Image-2024-02-21-at-17.31.31.jpeg 1080w, https:\/\/apsfcongo.com\/wp-content\/uploads\/2025\/04\/WhatsApp-Image-2024-02-21-at-17.31.31-300x225.jpeg 300w, https:\/\/apsfcongo.com\/wp-content\/uploads\/2025\/04\/WhatsApp-Image-2024-02-21-at-17.31.31-1024x768.jpeg 1024w, https:\/\/apsfcongo.com\/wp-content\/uploads\/2025\/04\/WhatsApp-Image-2024-02-21-at-17.31.31-768x576.jpeg 768w\" sizes=\"(max-width: 1080px) 100vw, 1080px\" \/>\t\t\t\t\t\t\t\t\t\t\t\t\t\t\t<\/div>\n\t\t\t\t<\/div>\n\t\t\t\t\t<\/div>\n\t\t<\/div>\n\t\t\t\t<div class=\"elementor-column elementor-col-50 elementor-top-column elementor-element elementor-element-fe56289\" data-id=\"fe56289\" data-element_type=\"column\">\n\t\t\t<div class=\"elementor-widget-wrap elementor-element-populated\">\n\t\t\t\t\t\t\t\t<div class=\"elementor-element elementor-element-1b0544b elementor-widget elementor-widget-heading\" data-id=\"1b0544b\" data-element_type=\"widget\" data-widget_type=\"heading.default\">\n\t\t\t\t<div class=\"elementor-widget-container\">\n\t\t\t<h1 class=\"elementor-heading-title elementor-size-default\">Coop\u00e9rative des Femmes d'Igni\u00e9\nde notre dame du perp\u00e9tuel secours\nCooFI<\/h1>\t\t<\/div>\n\t\t\t\t<\/div>\n\t\t\t\t<div class=\"elementor-element elementor-element-832c846 elementor-align-left elementor-widget elementor-widget-button\" data-id=\"832c846\" data-element_type=\"widget\" data-widget_type=\"button.default\">\n\t\t\t\t<div class=\"elementor-widget-container\">\n\t\t\t\t\t<div class=\"elementor-button-wrapper\">\n\t\t\t<a href=\"https:\/\/cooficongo.com\/\" class=\"elementor-button-link elementor-button elementor-size-sm\" role=\"button\">\n\t\t\t\t\t\t<span class=\"elementor-button-content-wrapper\">\n\t\t\t\t\t\t<span class=\"elementor-button-text\">Lire plus<\/span>\n\t\t<\/span>\n\t\t\t\t\t<\/a>\n\t\t<\/div>\n\t\t\t\t<\/div>\n\t\t\t\t<\/div>\n\t\t\t\t\t<\/div>\n\t\t<\/div>\n\t\t\t\t\t\t\t<\/div>\n\t\t<\/section>\n\t\t\t\t<section class=\"elementor-section elementor-top-section elementor-element elementor-element-fbfeb4a elementor-section-content-middle elementor-section-boxed elementor-section-height-default elementor-section-height-default\" data-id=\"fbfeb4a\" data-element_type=\"section\" data-settings=\"{&quot;background_background&quot;:&quot;classic&quot;}\">\n\t\t\t\t\t\t<div class=\"elementor-container elementor-column-gap-no\">\n\t\t\t\t\t<div class=\"elementor-column elementor-col-50 elementor-top-column elementor-element elementor-element-63d9555\" data-id=\"63d9555\" data-element_type=\"column\" data-settings=\"{&quot;background_background&quot;:&quot;classic&quot;}\">\n\t\t\t<div class=\"elementor-widget-wrap elementor-element-populated\">\n\t\t\t\t\t\t\t\t<div class=\"elementor-element elementor-element-b147525 elementor-widget elementor-widget-image\" data-id=\"b147525\" data-element_type=\"widget\" data-widget_type=\"image.default\">\n\t\t\t\t<div class=\"elementor-widget-container\">\n\t\t\t\t\t\t\t\t\t\t\t\t\t\t\t<img decoding=\"async\" width=\"1280\" height=\"720\" src=\"https:\/\/apsfcongo.com\/wp-content\/uploads\/2025\/04\/WhatsApp-Image-2025-04-04-at-12.17.28.jpeg\" class=\"attachment-full size-full wp-image-1387\" alt=\"\" loading=\"lazy\" srcset=\"https:\/\/apsfcongo.com\/wp-content\/uploads\/2025\/04\/WhatsApp-Image-2025-04-04-at-12.17.28.jpeg 1280w, https:\/\/apsfcongo.com\/wp-content\/uploads\/2025\/04\/WhatsApp-Image-2025-04-04-at-12.17.28-300x169.jpeg 300w, https:\/\/apsfcongo.com\/wp-content\/uploads\/2025\/04\/WhatsApp-Image-2025-04-04-at-12.17.28-1024x576.jpeg 1024w, https:\/\/apsfcongo.com\/wp-content\/uploads\/2025\/04\/WhatsApp-Image-2025-04-04-at-12.17.28-768x432.jpeg 768w, https:\/\/apsfcongo.com\/wp-content\/uploads\/2025\/04\/WhatsApp-Image-2025-04-04-at-12.17.28-800x450.jpeg 800w\" sizes=\"(max-width: 1280px) 100vw, 1280px\" \/>\t\t\t\t\t\t\t\t\t\t\t\t\t\t\t<\/div>\n\t\t\t\t<\/div>\n\t\t\t\t\t<\/div>\n\t\t<\/div>\n\t\t\t\t<div class=\"elementor-column elementor-col-50 elementor-top-column elementor-element elementor-element-d6d7480\" data-id=\"d6d7480\" data-element_type=\"column\">\n\t\t\t<div class=\"elementor-widget-wrap elementor-element-populated\">\n\t\t\t\t\t\t\t\t<div class=\"elementor-element elementor-element-2e0d309 elementor-widget elementor-widget-heading\" data-id=\"2e0d309\" data-element_type=\"widget\" data-widget_type=\"heading.default\">\n\t\t\t\t<div class=\"elementor-widget-container\">\n\t\t\t<h1 class=\"elementor-heading-title elementor-size-default\">Projet de formation en informatique des jeunes filles vuln\u00e9rables financ\u00e9 par l'ambassade des Etats Unis au Congo<\/h1>\t\t<\/div>\n\t\t\t\t<\/div>\n\t\t\t\t<div class=\"elementor-element elementor-element-82dd22f elementor-widget elementor-widget-text-editor\" data-id=\"82dd22f\" data-element_type=\"widget\" data-widget_type=\"text-editor.default\">\n\t\t\t\t<div class=\"elementor-widget-container\">\n\t\t\t<style>\/*! elementor - v3.12.2 - 23-04-2023 *\/\n.elementor-widget-text-editor.elementor-drop-cap-view-stacked .elementor-drop-cap{background-color:#69727d;color:#fff}.elementor-widget-text-editor.elementor-drop-cap-view-framed .elementor-drop-cap{color:#69727d;border:3px solid;background-color:transparent}.elementor-widget-text-editor:not(.elementor-drop-cap-view-default) .elementor-drop-cap{margin-top:8px}.elementor-widget-text-editor:not(.elementor-drop-cap-view-default) .elementor-drop-cap-letter{width:1em;height:1em}.elementor-widget-text-editor .elementor-drop-cap{float:left;text-align:center;line-height:1;font-size:50px}.elementor-widget-text-editor .elementor-drop-cap-letter{display:inline-block}<\/style>\t\t\t\t<p><span data-contrast=\"auto\">Ce projet vise \u00e0 corriger l&#8217;in\u00e9galit\u00e9 de genre dans le num\u00e9rique en R\u00e9publique du Congo et \u00e0 offrir des opportunit\u00e9s professionnelles et entrepreneuriales \u00e0 la jeune fille d\u00e9savantag\u00e9e de Brazzaville.\u00a0<\/span><span data-ccp-props=\"{&quot;134245529&quot;:true,&quot;201341983&quot;:0,&quot;335557856&quot;:16777215,&quot;335559740&quot;:240}\">\u00a0<\/span><\/p>\t\t\t\t\t\t<\/div>\n\t\t\t\t<\/div>\n\t\t\t\t<div class=\"elementor-element elementor-element-fe93d4a elementor-align-left elementor-widget elementor-widget-button\" data-id=\"fe93d4a\" data-element_type=\"widget\" data-widget_type=\"button.default\">\n\t\t\t\t<div class=\"elementor-widget-container\">\n\t\t\t\t\t<div class=\"elementor-button-wrapper\">\n\t\t\t<a href=\"https:\/\/apsfcongo.com\/index.php\/projet-de-formation-en-informatique-des-jeunes-filles-vulnerables-finance-par-lambassade-des-etats-unis-damerique\/\" class=\"elementor-button-link elementor-button elementor-size-sm\" role=\"button\">\n\t\t\t\t\t\t<span class=\"elementor-button-content-wrapper\">\n\t\t\t\t\t\t<span class=\"elementor-button-text\">Lire plus<\/span>\n\t\t<\/span>\n\t\t\t\t\t<\/a>\n\t\t<\/div>\n\t\t\t\t<\/div>\n\t\t\t\t<\/div>\n\t\t\t\t\t<\/div>\n\t\t<\/div>\n\t\t\t\t\t\t\t<\/div>\n\t\t<\/section>\n\t\t\t\t\t\t\t<\/div>\n\t\t","protected":false},"excerpt":{"rendered":"<p>D\u00e9couvrez nos activit\u00e9s d&#8217;autonomisation des femmes Coop\u00e9rative des Femmes d&#8217;Igni\u00e9 de notre dame du perp\u00e9tuel secours CooFI Lire plus Projet de formation en informatique des jeunes filles vuln\u00e9rables financ\u00e9 par l&#8217;ambassade des Etats Unis au Congo Ce projet vise \u00e0 corriger l&#8217;in\u00e9galit\u00e9 de genre dans le num\u00e9rique en R\u00e9publique du Congo et \u00e0 offrir des [&hellip;]<\/p>\n","protected":false},"author":1,"featured_media":0,"parent":0,"menu_order":0,"comment_status":"closed","ping_status":"closed","template":"","meta":[],"yoast_head":"<!-- This site is optimized with the Yoast SEO plugin v20.6 - https:\/\/yoast.com\/wordpress\/plugins\/seo\/ -->\n<title>Activit\u00e9 femmes - Apsf congo<\/title>\n<meta name=\"robots\" content=\"index, follow, max-snippet:-1, max-image-preview:large, max-video-preview:-1\" \/>\n<link rel=\"canonical\" href=\"https:\/\/apsfcongo.com\/index.php\/activite-femmes\/\" \/>\n<meta property=\"og:locale\" content=\"en_US\" \/>\n<meta property=\"og:type\" content=\"article\" \/>\n<meta property=\"og:title\" content=\"Activit\u00e9 femmes - Apsf congo\" \/>\n<meta property=\"og:description\" content=\"D\u00e9couvrez nos activit\u00e9s d&#8217;autonomisation des femmes Coop\u00e9rative des Femmes d&#8217;Igni\u00e9 de notre dame du perp\u00e9tuel secours CooFI Lire plus Projet de formation en informatique des jeunes filles vuln\u00e9rables financ\u00e9 par l&#8217;ambassade des Etats Unis au Congo Ce projet vise \u00e0 corriger l&#8217;in\u00e9galit\u00e9 de genre dans le num\u00e9rique en R\u00e9publique du Congo et \u00e0 offrir des [&hellip;]\" \/>\n<meta property=\"og:url\" content=\"https:\/\/apsfcongo.com\/index.php\/activite-femmes\/\" \/>\n<meta property=\"og:site_name\" content=\"Apsf congo\" \/>\n<meta property=\"article:modified_time\" content=\"2025-04-05T08:21:04+00:00\" \/>\n<meta property=\"og:image\" content=\"https:\/\/apsfcongo.com\/wp-content\/uploads\/2025\/04\/WhatsApp-Image-2024-02-21-at-17.31.31.jpeg\" \/>\n<meta name=\"twitter:card\" content=\"summary_large_image\" \/>\n<meta name=\"twitter:label1\" content=\"Est. reading time\" \/>\n\t<meta name=\"twitter:data1\" content=\"1 minute\" \/>\n<script type=\"application\/ld+json\" class=\"yoast-schema-graph\">{\"@context\":\"https:\/\/schema.org\",\"@graph\":[{\"@type\":\"WebPage\",\"@id\":\"https:\/\/apsfcongo.com\/index.php\/activite-femmes\/\",\"url\":\"https:\/\/apsfcongo.com\/index.php\/activite-femmes\/\",\"name\":\"Activit\u00e9 femmes - Apsf congo\",\"isPartOf\":{\"@id\":\"https:\/\/apsfcongo.com\/#website\"},\"datePublished\":\"2023-11-09T16:47:54+00:00\",\"dateModified\":\"2025-04-05T08:21:04+00:00\",\"breadcrumb\":{\"@id\":\"https:\/\/apsfcongo.com\/index.php\/activite-femmes\/#breadcrumb\"},\"inLanguage\":\"en-US\",\"potentialAction\":[{\"@type\":\"ReadAction\",\"target\":[\"https:\/\/apsfcongo.com\/index.php\/activite-femmes\/\"]}]},{\"@type\":\"BreadcrumbList\",\"@id\":\"https:\/\/apsfcongo.com\/index.php\/activite-femmes\/#breadcrumb\",\"itemListElement\":[{\"@type\":\"ListItem\",\"position\":1,\"name\":\"Accueil\",\"item\":\"https:\/\/apsfcongo.com\/\"},{\"@type\":\"ListItem\",\"position\":2,\"name\":\"Activit\u00e9 femmes\"}]},{\"@type\":\"WebSite\",\"@id\":\"https:\/\/apsfcongo.com\/#website\",\"url\":\"https:\/\/apsfcongo.com\/\",\"name\":\"Apsf congo\",\"description\":\"\",\"publisher\":{\"@id\":\"https:\/\/apsfcongo.com\/#organization\"},\"potentialAction\":[{\"@type\":\"SearchAction\",\"target\":{\"@type\":\"EntryPoint\",\"urlTemplate\":\"https:\/\/apsfcongo.com\/?s={search_term_string}\"},\"query-input\":\"required name=search_term_string\"}],\"inLanguage\":\"en-US\"},{\"@type\":\"Organization\",\"@id\":\"https:\/\/apsfcongo.com\/#organization\",\"name\":\"Apsf congo\",\"url\":\"https:\/\/apsfcongo.com\/\",\"logo\":{\"@type\":\"ImageObject\",\"inLanguage\":\"en-US\",\"@id\":\"https:\/\/apsfcongo.com\/#\/schema\/logo\/image\/\",\"url\":\"https:\/\/apsfcongo.com\/wp-content\/uploads\/2023\/05\/cropped-APSF_Logo_Full.png\",\"contentUrl\":\"https:\/\/apsfcongo.com\/wp-content\/uploads\/2023\/05\/cropped-APSF_Logo_Full.png\",\"width\":1000,\"height\":1000,\"caption\":\"Apsf congo\"},\"image\":{\"@id\":\"https:\/\/apsfcongo.com\/#\/schema\/logo\/image\/\"}}]}<\/script>\n<!-- \/ Yoast SEO plugin. -->","yoast_head_json":{"title":"Activit\u00e9 femmes - Apsf congo","robots":{"index":"index","follow":"follow","max-snippet":"max-snippet:-1","max-image-preview":"max-image-preview:large","max-video-preview":"max-video-preview:-1"},"canonical":"https:\/\/apsfcongo.com\/index.php\/activite-femmes\/","og_locale":"en_US","og_type":"article","og_title":"Activit\u00e9 femmes - Apsf congo","og_description":"D\u00e9couvrez nos activit\u00e9s d&#8217;autonomisation des femmes Coop\u00e9rative des Femmes d&#8217;Igni\u00e9 de notre dame du perp\u00e9tuel secours CooFI Lire plus Projet de formation en informatique des jeunes filles vuln\u00e9rables financ\u00e9 par l&#8217;ambassade des Etats Unis au Congo Ce projet vise \u00e0 corriger l&#8217;in\u00e9galit\u00e9 de genre dans le num\u00e9rique en R\u00e9publique du Congo et \u00e0 offrir des [&hellip;]","og_url":"https:\/\/apsfcongo.com\/index.php\/activite-femmes\/","og_site_name":"Apsf congo","article_modified_time":"2025-04-05T08:21:04+00:00","og_image":[{"url":"https:\/\/apsfcongo.com\/wp-content\/uploads\/2025\/04\/WhatsApp-Image-2024-02-21-at-17.31.31.jpeg"}],"twitter_card":"summary_large_image","twitter_misc":{"Est. reading time":"1 minute"},"schema":{"@context":"https:\/\/schema.org","@graph":[{"@type":"WebPage","@id":"https:\/\/apsfcongo.com\/index.php\/activite-femmes\/","url":"https:\/\/apsfcongo.com\/index.php\/activite-femmes\/","name":"Activit\u00e9 femmes - Apsf congo","isPartOf":{"@id":"https:\/\/apsfcongo.com\/#website"},"datePublished":"2023-11-09T16:47:54+00:00","dateModified":"2025-04-05T08:21:04+00:00","breadcrumb":{"@id":"https:\/\/apsfcongo.com\/index.php\/activite-femmes\/#breadcrumb"},"inLanguage":"en-US","potentialAction":[{"@type":"ReadAction","target":["https:\/\/apsfcongo.com\/index.php\/activite-femmes\/"]}]},{"@type":"BreadcrumbList","@id":"https:\/\/apsfcongo.com\/index.php\/activite-femmes\/#breadcrumb","itemListElement":[{"@type":"ListItem","position":1,"name":"Accueil","item":"https:\/\/apsfcongo.com\/"},{"@type":"ListItem","position":2,"name":"Activit\u00e9 femmes"}]},{"@type":"WebSite","@id":"https:\/\/apsfcongo.com\/#website","url":"https:\/\/apsfcongo.com\/","name":"Apsf congo","description":"","publisher":{"@id":"https:\/\/apsfcongo.com\/#organization"},"potentialAction":[{"@type":"SearchAction","target":{"@type":"EntryPoint","urlTemplate":"https:\/\/apsfcongo.com\/?s={search_term_string}"},"query-input":"required name=search_term_string"}],"inLanguage":"en-US"},{"@type":"Organization","@id":"https:\/\/apsfcongo.com\/#organization","name":"Apsf congo","url":"https:\/\/apsfcongo.com\/","logo":{"@type":"ImageObject","inLanguage":"en-US","@id":"https:\/\/apsfcongo.com\/#\/schema\/logo\/image\/","url":"https:\/\/apsfcongo.com\/wp-content\/uploads\/2023\/05\/cropped-APSF_Logo_Full.png","contentUrl":"https:\/\/apsfcongo.com\/wp-content\/uploads\/2023\/05\/cropped-APSF_Logo_Full.png","width":1000,"height":1000,"caption":"Apsf congo"},"image":{"@id":"https:\/\/apsfcongo.com\/#\/schema\/logo\/image\/"}}]}},"_links":{"self":[{"href":"https:\/\/apsfcongo.com\/index.php\/wp-json\/wp\/v2\/pages\/1056"}],"collection":[{"href":"https:\/\/apsfcongo.com\/index.php\/wp-json\/wp\/v2\/pages"}],"about":[{"href":"https:\/\/apsfcongo.com\/index.php\/wp-json\/wp\/v2\/types\/page"}],"author":[{"embeddable":true,"href":"https:\/\/apsfcongo.com\/index.php\/wp-json\/wp\/v2\/users\/1"}],"replies":[{"embeddable":true,"href":"https:\/\/apsfcongo.com\/index.php\/wp-json\/wp\/v2\/comments?post=1056"}],"version-history":[{"count":31,"href":"https:\/\/apsfcongo.com\/index.php\/wp-json\/wp\/v2\/pages\/1056\/revisions"}],"predecessor-version":[{"id":1521,"href":"https:\/\/apsfcongo.com\/index.php\/wp-json\/wp\/v2\/pages\/1056\/revisions\/1521"}],"wp:attachment":[{"href":"https:\/\/apsfcongo.com\/index.php\/wp-json\/wp\/v2\/media?parent=1056"}],"curies":[{"name":"wp","href":"https:\/\/api.w.org\/{rel}","templated":true}]}}