{"id":1185,"date":"2023-11-16T18:27:45","date_gmt":"2023-11-16T17:27:45","guid":{"rendered":"https:\/\/apsfcongo.com\/?page_id=1185"},"modified":"2023-11-16T18:33:24","modified_gmt":"2023-11-16T17:33:24","slug":"automatisation-des-femmes-et-de-la-jeune-fille","status":"publish","type":"page","link":"https:\/\/apsfcongo.com\/index.php\/automatisation-des-femmes-et-de-la-jeune-fille\/","title":{"rendered":"Automatisation des femmes et de la jeune fille"},"content":{"rendered":"\t\t<div data-elementor-type=\"wp-page\" data-elementor-id=\"1185\" class=\"elementor elementor-1185\">\n\t\t\t\t\t\t\t\t\t<section class=\"elementor-section elementor-top-section elementor-element elementor-element-07550ae elementor-section-full_width elementor-section-height-default elementor-section-height-default\" data-id=\"07550ae\" data-element_type=\"section\" data-settings=\"{&quot;background_background&quot;:&quot;classic&quot;}\">\n\t\t\t\t\t\t<div class=\"elementor-container elementor-column-gap-no\">\n\t\t\t\t\t<div class=\"elementor-column elementor-col-100 elementor-top-column elementor-element elementor-element-6d3f080\" data-id=\"6d3f080\" data-element_type=\"column\">\n\t\t\t<div class=\"elementor-widget-wrap elementor-element-populated\">\n\t\t\t\t\t\t\t\t<div class=\"elementor-element elementor-element-2bc1ae8 elementor-widget elementor-widget-image\" data-id=\"2bc1ae8\" data-element_type=\"widget\" data-widget_type=\"image.default\">\n\t\t\t\t<div class=\"elementor-widget-container\">\n\t\t\t<style>\/*! elementor - v3.12.2 - 23-04-2023 *\/\n.elementor-widget-image{text-align:center}.elementor-widget-image a{display:inline-block}.elementor-widget-image a img[src$=\".svg\"]{width:48px}.elementor-widget-image img{vertical-align:middle;display:inline-block}<\/style>\t\t\t\t\t\t\t\t\t\t\t\t<img decoding=\"async\" width=\"1000\" height=\"410\" src=\"https:\/\/apsfcongo.com\/wp-content\/uploads\/2023\/06\/WhatsApp-Image-2023-07-04-at-16.41.29.jpeg\" class=\"attachment-full size-full wp-image-663\" alt=\"\" loading=\"lazy\" srcset=\"https:\/\/apsfcongo.com\/wp-content\/uploads\/2023\/06\/WhatsApp-Image-2023-07-04-at-16.41.29.jpeg 1000w, https:\/\/apsfcongo.com\/wp-content\/uploads\/2023\/06\/WhatsApp-Image-2023-07-04-at-16.41.29-300x123.jpeg 300w, https:\/\/apsfcongo.com\/wp-content\/uploads\/2023\/06\/WhatsApp-Image-2023-07-04-at-16.41.29-768x315.jpeg 768w\" sizes=\"(max-width: 1000px) 100vw, 1000px\" \/>\t\t\t\t\t\t\t\t\t\t\t\t\t\t\t<\/div>\n\t\t\t\t<\/div>\n\t\t\t\t<section class=\"elementor-section elementor-inner-section elementor-element elementor-element-04dc7e8 elementor-section-boxed elementor-section-height-default elementor-section-height-default\" data-id=\"04dc7e8\" data-element_type=\"section\">\n\t\t\t\t\t\t<div class=\"elementor-container elementor-column-gap-no\">\n\t\t\t\t\t<div class=\"elementor-column elementor-col-100 elementor-inner-column elementor-element elementor-element-06d6c85\" data-id=\"06d6c85\" data-element_type=\"column\">\n\t\t\t<div class=\"elementor-widget-wrap elementor-element-populated\">\n\t\t\t\t\t\t\t\t<div class=\"elementor-element elementor-element-594daeb elementor-widget elementor-widget-heading\" data-id=\"594daeb\" data-element_type=\"widget\" data-widget_type=\"heading.default\">\n\t\t\t\t<div class=\"elementor-widget-container\">\n\t\t\t<style>\/*! elementor - v3.12.2 - 23-04-2023 *\/\n.elementor-heading-title{padding:0;margin:0;line-height:1}.elementor-widget-heading .elementor-heading-title[class*=elementor-size-]>a{color:inherit;font-size:inherit;line-height:inherit}.elementor-widget-heading .elementor-heading-title.elementor-size-small{font-size:15px}.elementor-widget-heading .elementor-heading-title.elementor-size-medium{font-size:19px}.elementor-widget-heading .elementor-heading-title.elementor-size-large{font-size:29px}.elementor-widget-heading .elementor-heading-title.elementor-size-xl{font-size:39px}.elementor-widget-heading .elementor-heading-title.elementor-size-xxl{font-size:59px}<\/style><h1 class=\"elementor-heading-title elementor-size-default\">Secteur d'automatisation de la femme et de la jeune fille<\/h1>\t\t<\/div>\n\t\t\t\t<\/div>\n\t\t\t\t\t<\/div>\n\t\t<\/div>\n\t\t\t\t\t\t\t<\/div>\n\t\t<\/section>\n\t\t\t\t\t<\/div>\n\t\t<\/div>\n\t\t\t\t\t\t\t<\/div>\n\t\t<\/section>\n\t\t\t\t<section class=\"elementor-section elementor-top-section elementor-element elementor-element-79f592d elementor-section-boxed elementor-section-height-default elementor-section-height-default\" data-id=\"79f592d\" data-element_type=\"section\">\n\t\t\t\t\t\t<div class=\"elementor-container elementor-column-gap-default\">\n\t\t\t\t\t<div class=\"elementor-column elementor-col-100 elementor-top-column elementor-element elementor-element-f584618\" data-id=\"f584618\" data-element_type=\"column\">\n\t\t\t<div class=\"elementor-widget-wrap elementor-element-populated\">\n\t\t\t\t\t\t\t\t<div class=\"elementor-element elementor-element-3eb75f6 elementor-widget elementor-widget-text-editor\" data-id=\"3eb75f6\" data-element_type=\"widget\" data-widget_type=\"text-editor.default\">\n\t\t\t\t<div class=\"elementor-widget-container\">\n\t\t\t<style>\/*! elementor - v3.12.2 - 23-04-2023 *\/\n.elementor-widget-text-editor.elementor-drop-cap-view-stacked .elementor-drop-cap{background-color:#69727d;color:#fff}.elementor-widget-text-editor.elementor-drop-cap-view-framed .elementor-drop-cap{color:#69727d;border:3px solid;background-color:transparent}.elementor-widget-text-editor:not(.elementor-drop-cap-view-default) .elementor-drop-cap{margin-top:8px}.elementor-widget-text-editor:not(.elementor-drop-cap-view-default) .elementor-drop-cap-letter{width:1em;height:1em}.elementor-widget-text-editor .elementor-drop-cap{float:left;text-align:center;line-height:1;font-size:50px}.elementor-widget-text-editor .elementor-drop-cap-letter{display:inline-block}<\/style>\t\t\t\t<p><b>Probl\u00e9matique&nbsp;<\/b><\/p>\n<p><\/p>\n<p><span style=\"font-weight: 400;\">Au rythme actuel, il faudra pr\u00e8s de 300 ans pour atteindre l&#8217;\u00e9galit\u00e9 de genre dans le monde (ONU femme, 2022). En effet, jusqu&#8217;\u00e0 ce jour, il y a des mesures qui l\u00e9gitiment les violences faites aux femmes, qui ne prot\u00e8gent pas les droits dans les mariages, qui n\u2019assurent pas des salaires \u00e9gaux et qui ne garantissent pas l&#8217;\u00e9galit\u00e9 en mati\u00e8re de propri\u00e9t\u00e9 et de contr\u00f4le foncier.&nbsp;<\/span><\/p>\n<p><span style=\"font-weight: 400;\">Pour corriger le parcours actuel, il est indispensable de s&#8217;activer dans les programmes en faveur des droits de la femme et de la jeune fille ainsi que leur autonomisation \u00e9conomique.<\/span><\/p>\n<p><\/p>\n<p><span style=\"font-weight: 400;\">La condition de la femme et de la jeune fille an r\u00e9publique du Congo n\u2019est pas diff\u00e9rente du reste du monde. Les normes sociales, les coutumes et les pratiques discriminatoires jouent un r\u00f4le important dans la perp\u00e9tuation des in\u00e9galit\u00e9s.<\/span><\/p>\n<p><\/p>\n<p><span style=\"font-weight: 400;\">&nbsp;L\u2019APSF est consciente que l\u2019autonomisation \u00e9conomique du genre f\u00e9minin est un facteur cl\u00e9 vers cette \u00e9galit\u00e9, mais aussi un outil pour les sortir de l&#8217;extr\u00eame pauvret\u00e9 qui les touche.&nbsp;<\/span><\/p>\n<p><span style=\"font-weight: 400;\">Elle se donne donc la mission suivante&nbsp;:&nbsp;<\/span><\/p>\n<p><\/p>\n<p><b>Mission&nbsp;<\/b><\/p>\n<p><span style=\"font-weight: 400;\">Contribuer efficacement \u00e0 l\u2019autonomisation \u00e9conomique de la femme et de la jeune fille vulnerable.&nbsp;<\/span><\/p>\n<p><span style=\"font-weight: 400;\">Pour atteindre cette mission, elle se fixe l\u2019objectif ci-apr\u00e8s&nbsp;:<\/span><\/p>\n<p><span style=\"font-weight: 400;\">&nbsp;<\/span><\/p>\n<p><b>Objectif<\/b><\/p>\n<p><\/p>\n<p><span style=\"font-weight: 400;\">L\u2019APSF se fixe l\u2019objectif de cr\u00e9er des opportunit\u00e9s \u00e9conomiques durables pour la femme et&nbsp; la jeune fille en vue de les sortir de la pauvret\u00e9 : pour ce faire, l\u2019APSF s&#8217;emploie \u00e0:&nbsp;<\/span><\/p>\n<p><\/p>\n<ul>\n<li style=\"font-weight: 400;\" aria-level=\"1\"><span style=\"font-weight: 400;\">&nbsp;Former et renforcer les comp\u00e9tences\u202f;<\/span><\/li>\n<li style=\"font-weight: 400;\" aria-level=\"1\"><span style=\"font-weight: 400;\">&nbsp;Accompagner dans le processus d\u2019inclusion financi\u00e8re&nbsp; ;<\/span><\/li>\n<li style=\"font-weight: 400;\" aria-level=\"1\"><span style=\"font-weight: 400;\">&nbsp;Faciliter l&#8217;acc\u00e8s aux financements ;<\/span><\/li>\n<\/ul>\n<ul>\n<li style=\"font-weight: 400;\" aria-level=\"1\"><span style=\"font-weight: 400;\">&nbsp;Faire du mentorat pour fournir&nbsp; conseils et guidance;<\/span><\/li>\n<li style=\"font-weight: 400;\" aria-level=\"1\"><span style=\"font-weight: 400;\">Promouvoir l\u2019inclusion num\u00e9rique de la jeune fille .<\/span><\/li>\n<\/ul>\n<p><b>Actions&nbsp;<\/b><\/p>\n<p><\/p>\n<ul>\n<li style=\"font-weight: 400;\" aria-level=\"1\"><span style=\"font-weight: 400;\">Mise en place&nbsp; et mentorat d\u2019une Coop\u00e9rative<\/span> <span style=\"font-weight: 400;\">des femmes dans le secteur de&nbsp; la production , la&nbsp; transformation et&nbsp; la vente du manioc ;<\/span><\/li>\n<li style=\"font-weight: 400;\" aria-level=\"1\"><span style=\"font-weight: 400;\">Formation en gestion \u00e9co- responsable des activit\u00e9s li\u00e9s \u00e0 la fili\u00e8re&nbsp; manioc ;<\/span><\/li>\n<li style=\"font-weight: 400;\" aria-level=\"1\"><span style=\"font-weight: 400;\">Formation en gestion financi\u00e8re ;&nbsp;&nbsp;<\/span><\/li>\n<li style=\"font-weight: 400;\" aria-level=\"1\"><span style=\"font-weight: 400;\">Appui \u00e0 l\u2019utilisation des services financiers de base (microfinances&nbsp; et services bancaires mobiles) et \u00e0 l&#8217;\u00e9pargne ;<\/span><\/li>\n<li style=\"font-weight: 400;\" aria-level=\"1\"><span style=\"font-weight: 400;\">Formation en&nbsp; informatique pour les jeunes filles vuln\u00e9rables.<\/span><\/li>\n<\/ul>\t\t\t\t\t\t<\/div>\n\t\t\t\t<\/div>\n\t\t\t\t\t<\/div>\n\t\t<\/div>\n\t\t\t\t\t\t\t<\/div>\n\t\t<\/section>\n\t\t\t\t\t\t\t<\/div>\n\t\t","protected":false},"excerpt":{"rendered":"<p>Secteur d&#8217;automatisation de la femme et de la jeune fille Probl\u00e9matique&nbsp; Au rythme actuel, il faudra pr\u00e8s de 300 ans pour atteindre l&#8217;\u00e9galit\u00e9 de genre dans le monde (ONU femme, 2022). En effet, jusqu&#8217;\u00e0 ce jour, il y a des mesures qui l\u00e9gitiment les violences faites aux femmes, qui ne prot\u00e8gent pas les droits dans [&hellip;]<\/p>\n","protected":false},"author":1,"featured_media":0,"parent":0,"menu_order":0,"comment_status":"closed","ping_status":"closed","template":"","meta":[],"yoast_head":"<!-- This site is optimized with the Yoast SEO plugin v20.6 - https:\/\/yoast.com\/wordpress\/plugins\/seo\/ -->\n<title>Automatisation des femmes et de la jeune fille - Apsf congo<\/title>\n<meta name=\"robots\" content=\"index, follow, max-snippet:-1, max-image-preview:large, max-video-preview:-1\" \/>\n<link rel=\"canonical\" href=\"https:\/\/apsfcongo.com\/index.php\/automatisation-des-femmes-et-de-la-jeune-fille\/\" \/>\n<meta property=\"og:locale\" content=\"en_US\" \/>\n<meta property=\"og:type\" content=\"article\" \/>\n<meta property=\"og:title\" content=\"Automatisation des femmes et de la jeune fille - Apsf congo\" \/>\n<meta property=\"og:description\" content=\"Secteur d&#8217;automatisation de la femme et de la jeune fille Probl\u00e9matique&nbsp; Au rythme actuel, il faudra pr\u00e8s de 300 ans pour atteindre l&#8217;\u00e9galit\u00e9 de genre dans le monde (ONU femme, 2022). En effet, jusqu&#8217;\u00e0 ce jour, il y a des mesures qui l\u00e9gitiment les violences faites aux femmes, qui ne prot\u00e8gent pas les droits dans [&hellip;]\" \/>\n<meta property=\"og:url\" content=\"https:\/\/apsfcongo.com\/index.php\/automatisation-des-femmes-et-de-la-jeune-fille\/\" \/>\n<meta property=\"og:site_name\" content=\"Apsf congo\" \/>\n<meta property=\"article:modified_time\" content=\"2023-11-16T17:33:24+00:00\" \/>\n<meta property=\"og:image\" content=\"https:\/\/apsfcongo.com\/wp-content\/uploads\/2023\/06\/WhatsApp-Image-2023-07-04-at-16.41.29.jpeg\" \/>\n<meta name=\"twitter:card\" content=\"summary_large_image\" \/>\n<meta name=\"twitter:label1\" content=\"Est. reading time\" \/>\n\t<meta name=\"twitter:data1\" content=\"2 minutes\" \/>\n<script type=\"application\/ld+json\" class=\"yoast-schema-graph\">{\"@context\":\"https:\/\/schema.org\",\"@graph\":[{\"@type\":\"WebPage\",\"@id\":\"https:\/\/apsfcongo.com\/index.php\/automatisation-des-femmes-et-de-la-jeune-fille\/\",\"url\":\"https:\/\/apsfcongo.com\/index.php\/automatisation-des-femmes-et-de-la-jeune-fille\/\",\"name\":\"Automatisation des femmes et de la jeune fille - Apsf congo\",\"isPartOf\":{\"@id\":\"https:\/\/apsfcongo.com\/#website\"},\"datePublished\":\"2023-11-16T17:27:45+00:00\",\"dateModified\":\"2023-11-16T17:33:24+00:00\",\"breadcrumb\":{\"@id\":\"https:\/\/apsfcongo.com\/index.php\/automatisation-des-femmes-et-de-la-jeune-fille\/#breadcrumb\"},\"inLanguage\":\"en-US\",\"potentialAction\":[{\"@type\":\"ReadAction\",\"target\":[\"https:\/\/apsfcongo.com\/index.php\/automatisation-des-femmes-et-de-la-jeune-fille\/\"]}]},{\"@type\":\"BreadcrumbList\",\"@id\":\"https:\/\/apsfcongo.com\/index.php\/automatisation-des-femmes-et-de-la-jeune-fille\/#breadcrumb\",\"itemListElement\":[{\"@type\":\"ListItem\",\"position\":1,\"name\":\"Accueil\",\"item\":\"https:\/\/apsfcongo.com\/\"},{\"@type\":\"ListItem\",\"position\":2,\"name\":\"Automatisation des femmes et de la jeune fille\"}]},{\"@type\":\"WebSite\",\"@id\":\"https:\/\/apsfcongo.com\/#website\",\"url\":\"https:\/\/apsfcongo.com\/\",\"name\":\"Apsf congo\",\"description\":\"\",\"publisher\":{\"@id\":\"https:\/\/apsfcongo.com\/#organization\"},\"potentialAction\":[{\"@type\":\"SearchAction\",\"target\":{\"@type\":\"EntryPoint\",\"urlTemplate\":\"https:\/\/apsfcongo.com\/?s={search_term_string}\"},\"query-input\":\"required name=search_term_string\"}],\"inLanguage\":\"en-US\"},{\"@type\":\"Organization\",\"@id\":\"https:\/\/apsfcongo.com\/#organization\",\"name\":\"Apsf congo\",\"url\":\"https:\/\/apsfcongo.com\/\",\"logo\":{\"@type\":\"ImageObject\",\"inLanguage\":\"en-US\",\"@id\":\"https:\/\/apsfcongo.com\/#\/schema\/logo\/image\/\",\"url\":\"https:\/\/apsfcongo.com\/wp-content\/uploads\/2023\/05\/cropped-APSF_Logo_Full.png\",\"contentUrl\":\"https:\/\/apsfcongo.com\/wp-content\/uploads\/2023\/05\/cropped-APSF_Logo_Full.png\",\"width\":1000,\"height\":1000,\"caption\":\"Apsf congo\"},\"image\":{\"@id\":\"https:\/\/apsfcongo.com\/#\/schema\/logo\/image\/\"}}]}<\/script>\n<!-- \/ Yoast SEO plugin. -->","yoast_head_json":{"title":"Automatisation des femmes et de la jeune fille - Apsf congo","robots":{"index":"index","follow":"follow","max-snippet":"max-snippet:-1","max-image-preview":"max-image-preview:large","max-video-preview":"max-video-preview:-1"},"canonical":"https:\/\/apsfcongo.com\/index.php\/automatisation-des-femmes-et-de-la-jeune-fille\/","og_locale":"en_US","og_type":"article","og_title":"Automatisation des femmes et de la jeune fille - Apsf congo","og_description":"Secteur d&#8217;automatisation de la femme et de la jeune fille Probl\u00e9matique&nbsp; Au rythme actuel, il faudra pr\u00e8s de 300 ans pour atteindre l&#8217;\u00e9galit\u00e9 de genre dans le monde (ONU femme, 2022). En effet, jusqu&#8217;\u00e0 ce jour, il y a des mesures qui l\u00e9gitiment les violences faites aux femmes, qui ne prot\u00e8gent pas les droits dans [&hellip;]","og_url":"https:\/\/apsfcongo.com\/index.php\/automatisation-des-femmes-et-de-la-jeune-fille\/","og_site_name":"Apsf congo","article_modified_time":"2023-11-16T17:33:24+00:00","og_image":[{"url":"https:\/\/apsfcongo.com\/wp-content\/uploads\/2023\/06\/WhatsApp-Image-2023-07-04-at-16.41.29.jpeg"}],"twitter_card":"summary_large_image","twitter_misc":{"Est. reading time":"2 minutes"},"schema":{"@context":"https:\/\/schema.org","@graph":[{"@type":"WebPage","@id":"https:\/\/apsfcongo.com\/index.php\/automatisation-des-femmes-et-de-la-jeune-fille\/","url":"https:\/\/apsfcongo.com\/index.php\/automatisation-des-femmes-et-de-la-jeune-fille\/","name":"Automatisation des femmes et de la jeune fille - Apsf congo","isPartOf":{"@id":"https:\/\/apsfcongo.com\/#website"},"datePublished":"2023-11-16T17:27:45+00:00","dateModified":"2023-11-16T17:33:24+00:00","breadcrumb":{"@id":"https:\/\/apsfcongo.com\/index.php\/automatisation-des-femmes-et-de-la-jeune-fille\/#breadcrumb"},"inLanguage":"en-US","potentialAction":[{"@type":"ReadAction","target":["https:\/\/apsfcongo.com\/index.php\/automatisation-des-femmes-et-de-la-jeune-fille\/"]}]},{"@type":"BreadcrumbList","@id":"https:\/\/apsfcongo.com\/index.php\/automatisation-des-femmes-et-de-la-jeune-fille\/#breadcrumb","itemListElement":[{"@type":"ListItem","position":1,"name":"Accueil","item":"https:\/\/apsfcongo.com\/"},{"@type":"ListItem","position":2,"name":"Automatisation des femmes et de la jeune fille"}]},{"@type":"WebSite","@id":"https:\/\/apsfcongo.com\/#website","url":"https:\/\/apsfcongo.com\/","name":"Apsf congo","description":"","publisher":{"@id":"https:\/\/apsfcongo.com\/#organization"},"potentialAction":[{"@type":"SearchAction","target":{"@type":"EntryPoint","urlTemplate":"https:\/\/apsfcongo.com\/?s={search_term_string}"},"query-input":"required name=search_term_string"}],"inLanguage":"en-US"},{"@type":"Organization","@id":"https:\/\/apsfcongo.com\/#organization","name":"Apsf congo","url":"https:\/\/apsfcongo.com\/","logo":{"@type":"ImageObject","inLanguage":"en-US","@id":"https:\/\/apsfcongo.com\/#\/schema\/logo\/image\/","url":"https:\/\/apsfcongo.com\/wp-content\/uploads\/2023\/05\/cropped-APSF_Logo_Full.png","contentUrl":"https:\/\/apsfcongo.com\/wp-content\/uploads\/2023\/05\/cropped-APSF_Logo_Full.png","width":1000,"height":1000,"caption":"Apsf congo"},"image":{"@id":"https:\/\/apsfcongo.com\/#\/schema\/logo\/image\/"}}]}},"_links":{"self":[{"href":"https:\/\/apsfcongo.com\/index.php\/wp-json\/wp\/v2\/pages\/1185"}],"collection":[{"href":"https:\/\/apsfcongo.com\/index.php\/wp-json\/wp\/v2\/pages"}],"about":[{"href":"https:\/\/apsfcongo.com\/index.php\/wp-json\/wp\/v2\/types\/page"}],"author":[{"embeddable":true,"href":"https:\/\/apsfcongo.com\/index.php\/wp-json\/wp\/v2\/users\/1"}],"replies":[{"embeddable":true,"href":"https:\/\/apsfcongo.com\/index.php\/wp-json\/wp\/v2\/comments?post=1185"}],"version-history":[{"count":8,"href":"https:\/\/apsfcongo.com\/index.php\/wp-json\/wp\/v2\/pages\/1185\/revisions"}],"predecessor-version":[{"id":1194,"href":"https:\/\/apsfcongo.com\/index.php\/wp-json\/wp\/v2\/pages\/1185\/revisions\/1194"}],"wp:attachment":[{"href":"https:\/\/apsfcongo.com\/index.php\/wp-json\/wp\/v2\/media?parent=1185"}],"curies":[{"name":"wp","href":"https:\/\/api.w.org\/{rel}","templated":true}]}}