{"id":1391,"date":"2025-04-04T13:26:55","date_gmt":"2025-04-04T11:26:55","guid":{"rendered":"https:\/\/apsfcongo.com\/?page_id=1391"},"modified":"2025-04-05T10:27:24","modified_gmt":"2025-04-05T08:27:24","slug":"projet-de-formation-en-informatique-des-jeunes-filles-vulnerables-finance-par-lambassade-des-etats-unis-damerique","status":"publish","type":"page","link":"https:\/\/apsfcongo.com\/index.php\/projet-de-formation-en-informatique-des-jeunes-filles-vulnerables-finance-par-lambassade-des-etats-unis-damerique\/","title":{"rendered":"Projet de formation en informatique des jeunes filles vuln\u00e9rables financ\u00e9 par l&#8217;ambassade des \u00c9tats-Unis d&#8217;Am\u00e9rique"},"content":{"rendered":"\t\t<div data-elementor-type=\"wp-page\" data-elementor-id=\"1391\" class=\"elementor elementor-1391\">\n\t\t\t\t\t\t\t\t\t<section class=\"elementor-section elementor-top-section elementor-element elementor-element-6dfaa218 elementor-section-content-middle elementor-section-boxed elementor-section-height-default elementor-section-height-default\" data-id=\"6dfaa218\" data-element_type=\"section\">\n\t\t\t\t\t\t<div class=\"elementor-container elementor-column-gap-no\">\n\t\t\t\t\t<div class=\"elementor-column elementor-col-100 elementor-top-column elementor-element elementor-element-136f459b\" data-id=\"136f459b\" data-element_type=\"column\">\n\t\t\t<div class=\"elementor-widget-wrap elementor-element-populated\">\n\t\t\t\t\t\t\t\t<div class=\"elementor-element elementor-element-7922bcae elementor-widget elementor-widget-image\" data-id=\"7922bcae\" data-element_type=\"widget\" data-widget_type=\"image.default\">\n\t\t\t\t<div class=\"elementor-widget-container\">\n\t\t\t<style>\/*! elementor - v3.12.2 - 23-04-2023 *\/\n.elementor-widget-image{text-align:center}.elementor-widget-image a{display:inline-block}.elementor-widget-image a img[src$=\".svg\"]{width:48px}.elementor-widget-image img{vertical-align:middle;display:inline-block}<\/style>\t\t\t\t\t\t\t\t\t\t\t\t<img decoding=\"async\" width=\"1280\" height=\"720\" src=\"https:\/\/apsfcongo.com\/wp-content\/uploads\/2025\/04\/WhatsApp-Image-2025-04-04-at-12.17.28.jpeg\" class=\"attachment-full size-full wp-image-1387\" alt=\"\" loading=\"lazy\" srcset=\"https:\/\/apsfcongo.com\/wp-content\/uploads\/2025\/04\/WhatsApp-Image-2025-04-04-at-12.17.28.jpeg 1280w, https:\/\/apsfcongo.com\/wp-content\/uploads\/2025\/04\/WhatsApp-Image-2025-04-04-at-12.17.28-300x169.jpeg 300w, https:\/\/apsfcongo.com\/wp-content\/uploads\/2025\/04\/WhatsApp-Image-2025-04-04-at-12.17.28-1024x576.jpeg 1024w, https:\/\/apsfcongo.com\/wp-content\/uploads\/2025\/04\/WhatsApp-Image-2025-04-04-at-12.17.28-768x432.jpeg 768w, https:\/\/apsfcongo.com\/wp-content\/uploads\/2025\/04\/WhatsApp-Image-2025-04-04-at-12.17.28-800x450.jpeg 800w\" sizes=\"(max-width: 1280px) 100vw, 1280px\" \/>\t\t\t\t\t\t\t\t\t\t\t\t\t\t\t<\/div>\n\t\t\t\t<\/div>\n\t\t\t\t<div class=\"elementor-element elementor-element-522885ef elementor-widget elementor-widget-heading\" data-id=\"522885ef\" data-element_type=\"widget\" data-widget_type=\"heading.default\">\n\t\t\t\t<div class=\"elementor-widget-container\">\n\t\t\t<style>\/*! elementor - v3.12.2 - 23-04-2023 *\/\n.elementor-heading-title{padding:0;margin:0;line-height:1}.elementor-widget-heading .elementor-heading-title[class*=elementor-size-]>a{color:inherit;font-size:inherit;line-height:inherit}.elementor-widget-heading .elementor-heading-title.elementor-size-small{font-size:15px}.elementor-widget-heading .elementor-heading-title.elementor-size-medium{font-size:19px}.elementor-widget-heading .elementor-heading-title.elementor-size-large{font-size:29px}.elementor-widget-heading .elementor-heading-title.elementor-size-xl{font-size:39px}.elementor-widget-heading .elementor-heading-title.elementor-size-xxl{font-size:59px}<\/style><h3 class=\"elementor-heading-title elementor-size-default\">Titre  :  Le num\u00e9rique@Elles <\/h3>\t\t<\/div>\n\t\t\t\t<\/div>\n\t\t\t\t<section class=\"elementor-section elementor-inner-section elementor-element elementor-element-7f24efb6 elementor-section-boxed elementor-section-height-default elementor-section-height-default\" data-id=\"7f24efb6\" data-element_type=\"section\">\n\t\t\t\t\t\t<div class=\"elementor-container elementor-column-gap-default\">\n\t\t\t\t\t<div class=\"elementor-column elementor-col-100 elementor-inner-column elementor-element elementor-element-5195c7ae\" data-id=\"5195c7ae\" data-element_type=\"column\">\n\t\t\t<div class=\"elementor-widget-wrap elementor-element-populated\">\n\t\t\t\t\t\t\t\t<div class=\"elementor-element elementor-element-70755b5b elementor-widget elementor-widget-text-editor\" data-id=\"70755b5b\" data-element_type=\"widget\" data-widget_type=\"text-editor.default\">\n\t\t\t\t<div class=\"elementor-widget-container\">\n\t\t\t<style>\/*! elementor - v3.12.2 - 23-04-2023 *\/\n.elementor-widget-text-editor.elementor-drop-cap-view-stacked .elementor-drop-cap{background-color:#69727d;color:#fff}.elementor-widget-text-editor.elementor-drop-cap-view-framed .elementor-drop-cap{color:#69727d;border:3px solid;background-color:transparent}.elementor-widget-text-editor:not(.elementor-drop-cap-view-default) .elementor-drop-cap{margin-top:8px}.elementor-widget-text-editor:not(.elementor-drop-cap-view-default) .elementor-drop-cap-letter{width:1em;height:1em}.elementor-widget-text-editor .elementor-drop-cap{float:left;text-align:center;line-height:1;font-size:50px}.elementor-widget-text-editor .elementor-drop-cap-letter{display:inline-block}<\/style>\t\t\t\t<p><span data-contrast=\"auto\">Ce projet vise \u00e0 corriger l&#8217;in\u00e9galit\u00e9 de genre dans le num\u00e9rique en R\u00e9publique du Congo et \u00e0 offrir des opportunit\u00e9s professionnelles et entrepreneuriales \u00e0 la jeune fille d\u00e9savantag\u00e9e de Brazzaville.\u00a0<\/span><span data-ccp-props=\"{&quot;134245529&quot;:true,&quot;201341983&quot;:0,&quot;335557856&quot;:16777215,&quot;335559740&quot;:240}\">\u00a0<\/span><\/p><p><span data-contrast=\"auto\">En 2030, 230 millions d\u2019emplois en Afrique subsaharienne seront li\u00e9s au num\u00e9rique, mais la gent f\u00e9minine \u00e0 deux fois moins acc\u00e8s au num\u00e9rique que son homologue masculin.\u00a0 En effet, la place occup\u00e9e par la femme africaine\u00a0 dans cette r\u00e9volution num\u00e9rique laisse encore a d\u00e9sirer. Il est \u00e9tabli que les femmes et les filles constituent la majorit\u00e9 des trois milliards de personnes dans le monde\u00a0 qui ne sont toujours pas connect\u00e9es \u00e0 internet (UNwomen, 2023) . Elles sont sous repr\u00e9sent\u00e9es dans le domaine de Sciences, technologie, ing\u00e9nierie et math\u00e9matiques (STIM)(UNwomen, 2023).<\/span><span data-ccp-props=\"{&quot;134245529&quot;:true,&quot;201341983&quot;:0,&quot;335557856&quot;:16777215,&quot;335559740&quot;:240}\">\u00a0<\/span><\/p><p><span data-ccp-props=\"{&quot;134245529&quot;:true,&quot;201341983&quot;:0,&quot;335557856&quot;:16777215,&quot;335559740&quot;:240}\">\u00a0<\/span><span style=\"font-size: 16px;\" data-contrast=\"auto\">C&#8217;est pour contribuer \u00e0 la r\u00e9duction de cette in\u00e9galit\u00e9 que l\u2019APSF a opt\u00e9 de promouvoir la pleine int\u00e9gration\u00a0 de la jeune fille\u00a0 dans le monde num\u00e9rique. Ce domaine repr\u00e9sente l\u2019outil d&#8217;int\u00e9gration professionnelle ultime, aussi bien dans le pr\u00e9sent que dans le futur.<\/span><span style=\"font-size: 16px;\" data-ccp-props=\"{&quot;134245529&quot;:true,&quot;201341983&quot;:0,&quot;335557856&quot;:16777215,&quot;335559740&quot;:240}\">\u00a0<\/span><\/p><p><span data-contrast=\"auto\">Le pr\u00e9sent projet pr\u00e9voit de former 50 filles d\u00e9favoris\u00e9es en informatique de base.\u00a0<br \/><\/span><span style=\"font-size: 16px;\" data-contrast=\"none\">L \u2018objectif principal est de mettre en place un programme de formation , visant \u00e0 leur fournir des comp\u00e9tences solides en navigation sur internet et en bureautique afin de les pr\u00e9parer \u00e0 saisir les opportunit\u00e9s professionnelles dans un environnement num\u00e9rique en constante \u00e9volution.<\/span><span style=\"font-size: 16px;\" data-ccp-props=\"{}\">\u00a0<\/span><\/p>\t\t\t\t\t\t<\/div>\n\t\t\t\t<\/div>\n\t\t\t\t<div class=\"elementor-element elementor-element-b13d092 elementor-widget elementor-widget-text-editor\" data-id=\"b13d092\" data-element_type=\"widget\" data-widget_type=\"text-editor.default\">\n\t\t\t\t<div class=\"elementor-widget-container\">\n\t\t\t\t\t\t\t<p>Congo-Brazzaville<b><span data-contrast=\"auto\"> : Subventions &#8211; Les \u00c9tats-Unis octroient 85 millions de FCFA aux ONG congolaises<\/span><\/b><span data-ccp-props=\"{&quot;134233117&quot;:false,&quot;134233118&quot;:false,&quot;335559738&quot;:240,&quot;335559739&quot;:240}\">\u00a0<\/span><\/p><p><i><span data-contrast=\"auto\">allafrica.com &#8211; Oct 31, 2024 10:39 AM<\/span><\/i><span data-ccp-props=\"{&quot;134233117&quot;:false,&quot;134233118&quot;:false,&quot;335559738&quot;:240,&quot;335559739&quot;:240}\">\u00a0<\/span><\/p><p><span data-contrast=\"auto\">Le gouvernement am\u00e9ricain a accord\u00e9, le 30 octobre, \u00e0 Brazzaville des subventions \u00e0 hauteur de 140 mille dollars, soit 85 millions de FCFA, \u00e0 dix-huit ONG congolaises. Cette aide permettra aux ONG b\u00e9n\u00e9ficiaires de r\u00e9aliser leurs projets en vue de contribuer \u00e0 l\u2019autonomisation des communaut\u00e9s congolaises, en particulier celles d\u00e9favoris\u00e9es.<\/span><span data-ccp-props=\"{&quot;134233117&quot;:false,&quot;134233118&quot;:false,&quot;335559738&quot;:240,&quot;335559739&quot;:240}\">\u00a0<\/span><\/p><p><span data-contrast=\"auto\">S\u2019inscrivant dans le cadre des fonds d\u2019auto-assistance de l\u2019ambassadeur et celui du programme des petites subventions du d\u00e9partement charg\u00e9 des affaires publiques, la signature des contrats<\/span><span data-ccp-props=\"{&quot;134233117&quot;:false,&quot;134233118&quot;:false,&quot;335559738&quot;:240,&quot;335559739&quot;:240}\">\u00a0<\/span><\/p><p><span data-contrast=\"auto\">Il s&#8217;agit notamment de l&#8217;ONG Agir ensemble pour les enfants handicap\u00e9s ; Leb Congo ; Fondation Eboko ; <\/span><span data-contrast=\"auto\"><span style=\"text-decoration: underline;\"><strong>l&#8217;association pour la promotion de la sant\u00e9 et de la famill<\/strong><\/span>e<\/span><span data-contrast=\"auto\"> ; la coop\u00e9rative agropastorale Friends Earth ; Yali, Congo association ; Traits d&#8217;Union ; le Club des femmes entrepreneurs du Congo ; Espace Opoko ; l&#8217;association des firmes g\u00e9nie-conseil et d\u00e9veloppement durable ; la communaut\u00e9 Notre-Dame-du-perp\u00e9tuel-secours ; Youth com ; Minwind&#8217;Paka Tizi, etc.<\/span><span data-ccp-props=\"{&quot;134233117&quot;:false,&quot;134233118&quot;:false,&quot;335559738&quot;:240,&quot;335559739&quot;:240}\">\u00a0<\/span><\/p>\t\t\t\t\t\t<\/div>\n\t\t\t\t<\/div>\n\t\t\t\t\t<\/div>\n\t\t<\/div>\n\t\t\t\t\t\t\t<\/div>\n\t\t<\/section>\n\t\t\t\t\t<\/div>\n\t\t<\/div>\n\t\t\t\t\t\t\t<\/div>\n\t\t<\/section>\n\t\t\t\t\t\t\t<\/div>\n\t\t","protected":false},"excerpt":{"rendered":"<p>Titre : Le num\u00e9rique@Elles Ce projet vise \u00e0 corriger l&#8217;in\u00e9galit\u00e9 de genre dans le num\u00e9rique en R\u00e9publique du Congo et \u00e0 offrir des opportunit\u00e9s professionnelles et entrepreneuriales \u00e0 la jeune fille d\u00e9savantag\u00e9e de Brazzaville.\u00a0\u00a0 En 2030, 230 millions d\u2019emplois en Afrique subsaharienne seront li\u00e9s au num\u00e9rique, mais la gent f\u00e9minine \u00e0 deux fois moins acc\u00e8s [&hellip;]<\/p>\n","protected":false},"author":1,"featured_media":0,"parent":0,"menu_order":0,"comment_status":"closed","ping_status":"closed","template":"","meta":[],"yoast_head":"<!-- This site is optimized with the Yoast SEO plugin v20.6 - https:\/\/yoast.com\/wordpress\/plugins\/seo\/ -->\n<title>Projet de formation en informatique des jeunes filles vuln\u00e9rables financ\u00e9 par l&#039;ambassade des \u00c9tats-Unis d&#039;Am\u00e9rique - Apsf congo<\/title>\n<meta name=\"robots\" content=\"index, follow, max-snippet:-1, max-image-preview:large, max-video-preview:-1\" \/>\n<link rel=\"canonical\" href=\"https:\/\/apsfcongo.com\/index.php\/projet-de-formation-en-informatique-des-jeunes-filles-vulnerables-finance-par-lambassade-des-etats-unis-damerique\/\" \/>\n<meta property=\"og:locale\" content=\"en_US\" \/>\n<meta property=\"og:type\" content=\"article\" \/>\n<meta property=\"og:title\" content=\"Projet de formation en informatique des jeunes filles vuln\u00e9rables financ\u00e9 par l&#039;ambassade des \u00c9tats-Unis d&#039;Am\u00e9rique - Apsf congo\" \/>\n<meta property=\"og:description\" content=\"Titre : Le num\u00e9rique@Elles Ce projet vise \u00e0 corriger l&#8217;in\u00e9galit\u00e9 de genre dans le num\u00e9rique en R\u00e9publique du Congo et \u00e0 offrir des opportunit\u00e9s professionnelles et entrepreneuriales \u00e0 la jeune fille d\u00e9savantag\u00e9e de Brazzaville.\u00a0\u00a0 En 2030, 230 millions d\u2019emplois en Afrique subsaharienne seront li\u00e9s au num\u00e9rique, mais la gent f\u00e9minine \u00e0 deux fois moins acc\u00e8s [&hellip;]\" \/>\n<meta property=\"og:url\" content=\"https:\/\/apsfcongo.com\/index.php\/projet-de-formation-en-informatique-des-jeunes-filles-vulnerables-finance-par-lambassade-des-etats-unis-damerique\/\" \/>\n<meta property=\"og:site_name\" content=\"Apsf congo\" \/>\n<meta property=\"article:modified_time\" content=\"2025-04-05T08:27:24+00:00\" \/>\n<meta property=\"og:image\" content=\"https:\/\/apsfcongo.com\/wp-content\/uploads\/2025\/04\/WhatsApp-Image-2025-04-04-at-12.17.28.jpeg\" \/>\n<meta name=\"twitter:card\" content=\"summary_large_image\" \/>\n<meta name=\"twitter:label1\" content=\"Est. reading time\" \/>\n\t<meta name=\"twitter:data1\" content=\"2 minutes\" \/>\n<script type=\"application\/ld+json\" class=\"yoast-schema-graph\">{\"@context\":\"https:\/\/schema.org\",\"@graph\":[{\"@type\":\"WebPage\",\"@id\":\"https:\/\/apsfcongo.com\/index.php\/projet-de-formation-en-informatique-des-jeunes-filles-vulnerables-finance-par-lambassade-des-etats-unis-damerique\/\",\"url\":\"https:\/\/apsfcongo.com\/index.php\/projet-de-formation-en-informatique-des-jeunes-filles-vulnerables-finance-par-lambassade-des-etats-unis-damerique\/\",\"name\":\"Projet de formation en informatique des jeunes filles vuln\u00e9rables financ\u00e9 par l'ambassade des \u00c9tats-Unis d'Am\u00e9rique - Apsf congo\",\"isPartOf\":{\"@id\":\"https:\/\/apsfcongo.com\/#website\"},\"datePublished\":\"2025-04-04T11:26:55+00:00\",\"dateModified\":\"2025-04-05T08:27:24+00:00\",\"breadcrumb\":{\"@id\":\"https:\/\/apsfcongo.com\/index.php\/projet-de-formation-en-informatique-des-jeunes-filles-vulnerables-finance-par-lambassade-des-etats-unis-damerique\/#breadcrumb\"},\"inLanguage\":\"en-US\",\"potentialAction\":[{\"@type\":\"ReadAction\",\"target\":[\"https:\/\/apsfcongo.com\/index.php\/projet-de-formation-en-informatique-des-jeunes-filles-vulnerables-finance-par-lambassade-des-etats-unis-damerique\/\"]}]},{\"@type\":\"BreadcrumbList\",\"@id\":\"https:\/\/apsfcongo.com\/index.php\/projet-de-formation-en-informatique-des-jeunes-filles-vulnerables-finance-par-lambassade-des-etats-unis-damerique\/#breadcrumb\",\"itemListElement\":[{\"@type\":\"ListItem\",\"position\":1,\"name\":\"Accueil\",\"item\":\"https:\/\/apsfcongo.com\/\"},{\"@type\":\"ListItem\",\"position\":2,\"name\":\"Projet de formation en informatique des jeunes filles vuln\u00e9rables financ\u00e9 par l&#8217;ambassade des \u00c9tats-Unis d&#8217;Am\u00e9rique\"}]},{\"@type\":\"WebSite\",\"@id\":\"https:\/\/apsfcongo.com\/#website\",\"url\":\"https:\/\/apsfcongo.com\/\",\"name\":\"Apsf congo\",\"description\":\"\",\"publisher\":{\"@id\":\"https:\/\/apsfcongo.com\/#organization\"},\"potentialAction\":[{\"@type\":\"SearchAction\",\"target\":{\"@type\":\"EntryPoint\",\"urlTemplate\":\"https:\/\/apsfcongo.com\/?s={search_term_string}\"},\"query-input\":\"required name=search_term_string\"}],\"inLanguage\":\"en-US\"},{\"@type\":\"Organization\",\"@id\":\"https:\/\/apsfcongo.com\/#organization\",\"name\":\"Apsf congo\",\"url\":\"https:\/\/apsfcongo.com\/\",\"logo\":{\"@type\":\"ImageObject\",\"inLanguage\":\"en-US\",\"@id\":\"https:\/\/apsfcongo.com\/#\/schema\/logo\/image\/\",\"url\":\"https:\/\/apsfcongo.com\/wp-content\/uploads\/2023\/05\/cropped-APSF_Logo_Full.png\",\"contentUrl\":\"https:\/\/apsfcongo.com\/wp-content\/uploads\/2023\/05\/cropped-APSF_Logo_Full.png\",\"width\":1000,\"height\":1000,\"caption\":\"Apsf congo\"},\"image\":{\"@id\":\"https:\/\/apsfcongo.com\/#\/schema\/logo\/image\/\"}}]}<\/script>\n<!-- \/ Yoast SEO plugin. -->","yoast_head_json":{"title":"Projet de formation en informatique des jeunes filles vuln\u00e9rables financ\u00e9 par l'ambassade des \u00c9tats-Unis d'Am\u00e9rique - Apsf congo","robots":{"index":"index","follow":"follow","max-snippet":"max-snippet:-1","max-image-preview":"max-image-preview:large","max-video-preview":"max-video-preview:-1"},"canonical":"https:\/\/apsfcongo.com\/index.php\/projet-de-formation-en-informatique-des-jeunes-filles-vulnerables-finance-par-lambassade-des-etats-unis-damerique\/","og_locale":"en_US","og_type":"article","og_title":"Projet de formation en informatique des jeunes filles vuln\u00e9rables financ\u00e9 par l'ambassade des \u00c9tats-Unis d'Am\u00e9rique - Apsf congo","og_description":"Titre : Le num\u00e9rique@Elles Ce projet vise \u00e0 corriger l&#8217;in\u00e9galit\u00e9 de genre dans le num\u00e9rique en R\u00e9publique du Congo et \u00e0 offrir des opportunit\u00e9s professionnelles et entrepreneuriales \u00e0 la jeune fille d\u00e9savantag\u00e9e de Brazzaville.\u00a0\u00a0 En 2030, 230 millions d\u2019emplois en Afrique subsaharienne seront li\u00e9s au num\u00e9rique, mais la gent f\u00e9minine \u00e0 deux fois moins acc\u00e8s [&hellip;]","og_url":"https:\/\/apsfcongo.com\/index.php\/projet-de-formation-en-informatique-des-jeunes-filles-vulnerables-finance-par-lambassade-des-etats-unis-damerique\/","og_site_name":"Apsf congo","article_modified_time":"2025-04-05T08:27:24+00:00","og_image":[{"url":"https:\/\/apsfcongo.com\/wp-content\/uploads\/2025\/04\/WhatsApp-Image-2025-04-04-at-12.17.28.jpeg"}],"twitter_card":"summary_large_image","twitter_misc":{"Est. reading time":"2 minutes"},"schema":{"@context":"https:\/\/schema.org","@graph":[{"@type":"WebPage","@id":"https:\/\/apsfcongo.com\/index.php\/projet-de-formation-en-informatique-des-jeunes-filles-vulnerables-finance-par-lambassade-des-etats-unis-damerique\/","url":"https:\/\/apsfcongo.com\/index.php\/projet-de-formation-en-informatique-des-jeunes-filles-vulnerables-finance-par-lambassade-des-etats-unis-damerique\/","name":"Projet de formation en informatique des jeunes filles vuln\u00e9rables financ\u00e9 par l'ambassade des \u00c9tats-Unis d'Am\u00e9rique - Apsf congo","isPartOf":{"@id":"https:\/\/apsfcongo.com\/#website"},"datePublished":"2025-04-04T11:26:55+00:00","dateModified":"2025-04-05T08:27:24+00:00","breadcrumb":{"@id":"https:\/\/apsfcongo.com\/index.php\/projet-de-formation-en-informatique-des-jeunes-filles-vulnerables-finance-par-lambassade-des-etats-unis-damerique\/#breadcrumb"},"inLanguage":"en-US","potentialAction":[{"@type":"ReadAction","target":["https:\/\/apsfcongo.com\/index.php\/projet-de-formation-en-informatique-des-jeunes-filles-vulnerables-finance-par-lambassade-des-etats-unis-damerique\/"]}]},{"@type":"BreadcrumbList","@id":"https:\/\/apsfcongo.com\/index.php\/projet-de-formation-en-informatique-des-jeunes-filles-vulnerables-finance-par-lambassade-des-etats-unis-damerique\/#breadcrumb","itemListElement":[{"@type":"ListItem","position":1,"name":"Accueil","item":"https:\/\/apsfcongo.com\/"},{"@type":"ListItem","position":2,"name":"Projet de formation en informatique des jeunes filles vuln\u00e9rables financ\u00e9 par l&#8217;ambassade des \u00c9tats-Unis d&#8217;Am\u00e9rique"}]},{"@type":"WebSite","@id":"https:\/\/apsfcongo.com\/#website","url":"https:\/\/apsfcongo.com\/","name":"Apsf congo","description":"","publisher":{"@id":"https:\/\/apsfcongo.com\/#organization"},"potentialAction":[{"@type":"SearchAction","target":{"@type":"EntryPoint","urlTemplate":"https:\/\/apsfcongo.com\/?s={search_term_string}"},"query-input":"required name=search_term_string"}],"inLanguage":"en-US"},{"@type":"Organization","@id":"https:\/\/apsfcongo.com\/#organization","name":"Apsf congo","url":"https:\/\/apsfcongo.com\/","logo":{"@type":"ImageObject","inLanguage":"en-US","@id":"https:\/\/apsfcongo.com\/#\/schema\/logo\/image\/","url":"https:\/\/apsfcongo.com\/wp-content\/uploads\/2023\/05\/cropped-APSF_Logo_Full.png","contentUrl":"https:\/\/apsfcongo.com\/wp-content\/uploads\/2023\/05\/cropped-APSF_Logo_Full.png","width":1000,"height":1000,"caption":"Apsf congo"},"image":{"@id":"https:\/\/apsfcongo.com\/#\/schema\/logo\/image\/"}}]}},"_links":{"self":[{"href":"https:\/\/apsfcongo.com\/index.php\/wp-json\/wp\/v2\/pages\/1391"}],"collection":[{"href":"https:\/\/apsfcongo.com\/index.php\/wp-json\/wp\/v2\/pages"}],"about":[{"href":"https:\/\/apsfcongo.com\/index.php\/wp-json\/wp\/v2\/types\/page"}],"author":[{"embeddable":true,"href":"https:\/\/apsfcongo.com\/index.php\/wp-json\/wp\/v2\/users\/1"}],"replies":[{"embeddable":true,"href":"https:\/\/apsfcongo.com\/index.php\/wp-json\/wp\/v2\/comments?post=1391"}],"version-history":[{"count":19,"href":"https:\/\/apsfcongo.com\/index.php\/wp-json\/wp\/v2\/pages\/1391\/revisions"}],"predecessor-version":[{"id":1527,"href":"https:\/\/apsfcongo.com\/index.php\/wp-json\/wp\/v2\/pages\/1391\/revisions\/1527"}],"wp:attachment":[{"href":"https:\/\/apsfcongo.com\/index.php\/wp-json\/wp\/v2\/media?parent=1391"}],"curies":[{"name":"wp","href":"https:\/\/api.w.org\/{rel}","templated":true}]}}